{"id":21747,"date":"2022-03-18T10:23:18","date_gmt":"2022-03-18T09:23:18","guid":{"rendered":"http:\/\/ariadnaausio.com\/?page_id=21747"},"modified":"2022-06-10T13:24:16","modified_gmt":"2022-06-10T12:24:16","slug":"otras-traducciones","status":"publish","type":"page","link":"https:\/\/ariadnaausio.com\/?page_id=21747&lang=es","title":{"rendered":"Otras traducciones"},"content":{"rendered":"<p>[vc_row type=&#8221;grid&#8221; background_color=&#8221;#ffffff&#8221; padding_top=&#8221;40&#8243; padding_bottom=&#8221;40&#8243;][vc_column width=&#8221;2\/3&#8243;][vc_column_text]<\/p>\n<h3 class=\"p1\"><span style=\"color: #bcca46;\">TRADUCCI\u00d3N ESPECIALIZADA<\/span><\/h3>\n<p>[\/vc_column_text][vc_separator type=&#8221;transparent&#8221;][vc_column_text]<\/p>\n<p class=\"p1\">Traduzco y reviso textos especializados de los \u00e1mbitos siguientes:<\/p>\n<p>&nbsp;<\/p>\n<p class=\"p1\">&#8211; Traducci\u00f3n cient\u00edfico-t\u00e9cnica: biomedicina, inform\u00e1tica, telefon\u00eda m\u00f3vil, automoci\u00f3n, electr\u00f3nica, medioambiente.<\/p>\n<p>&nbsp;<\/p>\n<p class=\"p1\">&#8211; Traducci\u00f3n jur\u00eddica y econ\u00f3mica: contratos, productos financieros, seguros, documentaci\u00f3n empresarial.<\/p>\n<p>&nbsp;<\/p>\n<p class=\"p1\">&#8211; Traducci\u00f3n institucional: textos para el Parlamento Europeo, el Comit\u00e9 de las Regiones y las Naciones Unidas.<\/p>\n<p>&nbsp;<\/p>\n<p class=\"p2\">Tambi\u00e9n he participado en proyectos de otros \u00e1mbitos, como turismo, gastronom\u00eda, m\u00fasica, cosm\u00e9tica, sociolog\u00eda o teatro.<\/p>\n<p>[\/vc_column_text][\/vc_column][vc_column width=&#8221;1\/3&#8243;][vc_separator type=&#8221;transparent&#8221;][vc_single_image image=&#8221;21582&#8243; img_size=&#8221;full&#8221;][\/vc_column][\/vc_row]<\/p>\n","protected":false},"excerpt":{"rendered":"<p>[vc_row type=&#8221;grid&#8221; background_color=&#8221;#ffffff&#8221; padding_top=&#8221;40&#8243; padding_bottom=&#8221;40&#8243;][vc_column width=&#8221;2\/3&#8243;][vc_column_text] TRADUCCI\u00d3N ESPECIALIZADA [\/vc_column_text][vc_separator type=&#8221;transparent&#8221;][vc_column_text] Traduzco y reviso textos especializados de los \u00e1mbitos siguientes: &nbsp; &#8211; Traducci\u00f3n cient\u00edfico-t\u00e9cnica: biomedicina, inform\u00e1tica, telefon\u00eda m\u00f3vil, automoci\u00f3n, electr\u00f3nica, medioambiente. &nbsp; &#8211; Traducci\u00f3n jur\u00eddica y econ\u00f3mica: contratos, productos financieros, seguros, documentaci\u00f3n empresarial. &nbsp; &#8211; Traducci\u00f3n&#8230;<\/p>\n","protected":false},"author":1,"featured_media":0,"parent":0,"menu_order":0,"comment_status":"closed","ping_status":"closed","template":"full_width.php","meta":[],"_links":{"self":[{"href":"https:\/\/ariadnaausio.com\/index.php?rest_route=\/wp\/v2\/pages\/21747"}],"collection":[{"href":"https:\/\/ariadnaausio.com\/index.php?rest_route=\/wp\/v2\/pages"}],"about":[{"href":"https:\/\/ariadnaausio.com\/index.php?rest_route=\/wp\/v2\/types\/page"}],"author":[{"embeddable":true,"href":"https:\/\/ariadnaausio.com\/index.php?rest_route=\/wp\/v2\/users\/1"}],"replies":[{"embeddable":true,"href":"https:\/\/ariadnaausio.com\/index.php?rest_route=%2Fwp%2Fv2%2Fcomments&post=21747"}],"version-history":[{"count":6,"href":"https:\/\/ariadnaausio.com\/index.php?rest_route=\/wp\/v2\/pages\/21747\/revisions"}],"predecessor-version":[{"id":21814,"href":"https:\/\/ariadnaausio.com\/index.php?rest_route=\/wp\/v2\/pages\/21747\/revisions\/21814"}],"wp:attachment":[{"href":"https:\/\/ariadnaausio.com\/index.php?rest_route=%2Fwp%2Fv2%2Fmedia&parent=21747"}],"curies":[{"name":"wp","href":"https:\/\/api.w.org\/{rel}","templated":true}]}}