{"id":21738,"date":"2022-03-18T10:04:46","date_gmt":"2022-03-18T09:04:46","guid":{"rendered":"http:\/\/ariadnaausio.com\/?page_id=21738"},"modified":"2025-10-01T07:57:19","modified_gmt":"2025-10-01T06:57:19","slug":"home-castella","status":"publish","type":"page","link":"https:\/\/ariadnaausio.com\/?page_id=21738&lang=es","title":{"rendered":"Home Castell\u00e0"},"content":{"rendered":"<p>[vc_row][vc_column]<div class='qode_image_gallery_no_space '><div class='qode_image_gallery_holder' style='height: 600px;'><ul><li><div style=\"height: 600px; width:1440px;\"><img src=\"https:\/\/ariadnaausio.com\/wp-content\/uploads\/2022\/03\/slide2_es.jpg\" alt=\"\" \/><\/div><\/li><\/ul><\/div><div class=\"controls\"><a class=\"prev-slide\" href=\"#\"><span class=\"arrow_carrot-left\"><\/span><\/a><a class=\"next-slide\" href=\"#\"><span class=\"arrow_carrot-right\"><\/span><\/a><\/div><\/div>[\/vc_column][\/vc_row][vc_row type=&#8221;grid&#8221; background_color=&#8221;#ffffff&#8221; padding_top=&#8221;40&#8243; padding_bottom=&#8221;40&#8243; css=&#8221;.vc_custom_1647015682822{background-color: #ffffff !important;}&#8221;][vc_column][vc_row_inner type=&#8221;grid&#8221; background_color=&#8221;#ffffff&#8221; padding_top=&#8221;80&#8243; padding_bottom=&#8221;80&#8243;][vc_column_inner][vc_column_text]<\/p>\n<h2>TRADUCCI\u00d3N EDITORIAL<\/h2>\n<p>[\/vc_column_text][vc_empty_space][\/vc_column_inner][\/vc_row_inner][vc_row_inner][vc_column_inner width=&#8221;1\/4&#8243;]<div class=\"image_with_text\"><img src=\"https:\/\/ariadnaausio.com\/wp-content\/uploads\/2025\/10\/El-cercle.jpeg\" alt=\"\" \/><h3 >El Cercle<\/h3><span style=\"margin: 6px 0px;\" class=\"separator transparent\"><\/span><\/p>\n<p class=\"p1\">Roberto Santiago<\/p>\n<p class=\"p2\">Fanbooks, 2025<\/p>\n<p><\/div>[vc_separator type=&#8221;transparent&#8221;][\/vc_column_inner][vc_column_inner width=&#8221;1\/4&#8243;]<div class=\"image_with_text\"><img src=\"https:\/\/ariadnaausio.com\/wp-content\/uploads\/2024\/12\/Insectarium-2.jpg\" alt=\"\" \/><h3 >Insect\u00e0rium<\/h3><span style=\"margin: 6px 0px;\" class=\"separator transparent\"><\/span><\/p>\n<p class=\"p1\">Emily Carter; i Dave Goulson<\/p>\n<p class=\"p2\">S\u00edmbol Editors, 2024<\/p>\n<p><\/div>[vc_separator type=&#8221;transparent&#8221;][\/vc_column_inner][vc_column_inner width=&#8221;1\/4&#8243;]<div class=\"image_with_text\"><img src=\"https:\/\/ariadnaausio.com\/wp-content\/uploads\/2022\/03\/follet2.jpg\" alt=\"\" \/><h3 >La Follet de la Veritat<\/h3><span style=\"margin: 6px 0px;\" class=\"separator transparent\"><\/span><\/p>\n<p class=\"p1\">Matt Haig<\/p>\n<p class=\"p2\">Estrella Polar, 2022<\/p>\n<p><\/div>[vc_separator type=&#8221;transparent&#8221;][\/vc_column_inner][vc_column_inner width=&#8221;1\/4&#8243;]<div class=\"image_with_text\"><img src=\"https:\/\/ariadnaausio.com\/wp-content\/uploads\/2025\/10\/millors-amigues-forever.jpg\" alt=\"\" \/><h3 >Millors amigues forever<\/h3><span style=\"margin: 6px 0px;\" class=\"separator transparent\"><\/span><\/p>\n<p class=\"p1\">Lisa Williamson<\/p>\n<p class=\"p2\">El Cep i la Nansa, 2025<\/p>\n<p><\/div>[vc_separator type=&#8221;transparent&#8221;][\/vc_column_inner][\/vc_row_inner][\/vc_column][\/vc_row][vc_row type=&#8221;grid&#8221; text_align=&#8221;center&#8221; background_color=&#8221;#ffffff&#8221;][vc_column][vc_btn title=&#8221;Ver todas&#8221; color=&#8221;green&#8221; align=&#8221;center&#8221; link=&#8221;url:http%3A%2F%2Fariadnaausio.com%2F%3Fpage_id%3D21751%26lang%3Des|||&#8221;][\/vc_column][\/vc_row][vc_row type=&#8221;grid&#8221; anchor=&#8221;sobremi&#8221; background_color=&#8221;#efefef&#8221; padding_top=&#8221;40&#8243; padding_bottom=&#8221;40&#8243;][vc_column][vc_row_inner type=&#8221;grid&#8221; padding_top=&#8221;60&#8243;][vc_column_inner width=&#8221;2\/3&#8243;][vc_column_text]<\/p>\n<h6>Ariadna Ausi\u00f3 Dot<\/h6>\n<p>[\/vc_column_text][vc_separator type=&#8221;transparent&#8221; up=&#8221;10&#8243; down=&#8221;0&#8243;][vc_column_text]<\/p>\n<h2>SOBRE M\u00cd<\/h2>\n<p>[\/vc_column_text][vc_separator type=&#8221;transparent&#8221; up=&#8221;25&#8243; down=&#8221;0&#8243;][vc_column_text]<\/p>\n<p class=\"p1\">Traductora cient\u00edfico-t\u00e9cnica y editorial desde 2010<\/p>\n<p>&nbsp;<\/p>\n<p class=\"p1\">Profesora asociada al Grado de Traducci\u00f3n, Interpretaci\u00f3n y Lenguas Aplicadas y al M\u00e1ster de Traducci\u00f3n Especializada de la Universitat de Vic<\/p>\n<p>&nbsp;<\/p>\n<p class=\"p2\">Miembro de las asociaciones de traductores <a href=\"https:\/\/www.aptic.cat\/\"><span class=\"s1\">APTIC<\/span><\/a>, <a href=\"https:\/\/www.escriptors.cat\">AELC<\/a> y <a href=\"https:\/\/ace-traductores.org\/\"><span class=\"s1\">ACE Traductores<\/span><\/a><\/p>\n<p>[\/vc_column_text][vc_separator type=&#8221;transparent&#8221; up=&#8221;90&#8243; down=&#8221;0&#8243;][\/vc_column_inner][vc_column_inner width=&#8221;1\/3&#8243;][vc_separator type=&#8221;transparent&#8221; up=&#8221;25&#8243; down=&#8221;0&#8243;][vc_single_image image=&#8221;21486&#8243; img_size=&#8221;full&#8221; alignment=&#8221;right&#8221;][\/vc_column_inner][\/vc_row_inner][\/vc_column][\/vc_row]<\/p>\n","protected":false},"excerpt":{"rendered":"<p>[vc_row][vc_column][\/vc_column][\/vc_row][vc_row type=&#8221;grid&#8221; background_color=&#8221;#ffffff&#8221; padding_top=&#8221;40&#8243; padding_bottom=&#8221;40&#8243; css=&#8221;.vc_custom_1647015682822{background-color: #ffffff !important;}&#8221;][vc_column][vc_row_inner type=&#8221;grid&#8221; background_color=&#8221;#ffffff&#8221; padding_top=&#8221;80&#8243; padding_bottom=&#8221;80&#8243;][vc_column_inner][vc_column_text] TRADUCCI\u00d3N EDITORIAL [\/vc_column_text][vc_empty_space][\/vc_column_inner][\/vc_row_inner][vc_row_inner][vc_column_inner width=&#8221;1\/4&#8243;][vc_separator type=&#8221;transparent&#8221;][\/vc_column_inner][vc_column_inner width=&#8221;1\/4&#8243;][vc_separator type=&#8221;transparent&#8221;][\/vc_column_inner][vc_column_inner width=&#8221;1\/4&#8243;][vc_separator type=&#8221;transparent&#8221;][\/vc_column_inner][vc_column_inner width=&#8221;1\/4&#8243;][vc_separator type=&#8221;transparent&#8221;][\/vc_column_inner][\/vc_row_inner][\/vc_column][\/vc_row][vc_row type=&#8221;grid&#8221; text_align=&#8221;center&#8221; background_color=&#8221;#ffffff&#8221;][vc_column][vc_btn title=&#8221;Ver todas&#8221; color=&#8221;green&#8221; align=&#8221;center&#8221; link=&#8221;url:http%3A%2F%2Fariadnaausio.com%2F%3Fpage_id%3D21751%26lang%3Des|||&#8221;][\/vc_column][\/vc_row][vc_row type=&#8221;grid&#8221; anchor=&#8221;sobremi&#8221; background_color=&#8221;#efefef&#8221; padding_top=&#8221;40&#8243; padding_bottom=&#8221;40&#8243;][vc_column][vc_row_inner type=&#8221;grid&#8221; padding_top=&#8221;60&#8243;][vc_column_inner width=&#8221;2\/3&#8243;][vc_column_text] Ariadna Ausi\u00f3 Dot [\/vc_column_text][vc_separator type=&#8221;transparent&#8221; up=&#8221;10&#8243;&#8230;<\/p>\n","protected":false},"author":1,"featured_media":0,"parent":0,"menu_order":0,"comment_status":"closed","ping_status":"closed","template":"full_width.php","meta":[],"_links":{"self":[{"href":"https:\/\/ariadnaausio.com\/index.php?rest_route=\/wp\/v2\/pages\/21738"}],"collection":[{"href":"https:\/\/ariadnaausio.com\/index.php?rest_route=\/wp\/v2\/pages"}],"about":[{"href":"https:\/\/ariadnaausio.com\/index.php?rest_route=\/wp\/v2\/types\/page"}],"author":[{"embeddable":true,"href":"https:\/\/ariadnaausio.com\/index.php?rest_route=\/wp\/v2\/users\/1"}],"replies":[{"embeddable":true,"href":"https:\/\/ariadnaausio.com\/index.php?rest_route=%2Fwp%2Fv2%2Fcomments&post=21738"}],"version-history":[{"count":12,"href":"https:\/\/ariadnaausio.com\/index.php?rest_route=\/wp\/v2\/pages\/21738\/revisions"}],"predecessor-version":[{"id":21986,"href":"https:\/\/ariadnaausio.com\/index.php?rest_route=\/wp\/v2\/pages\/21738\/revisions\/21986"}],"wp:attachment":[{"href":"https:\/\/ariadnaausio.com\/index.php?rest_route=%2Fwp%2Fv2%2Fmedia&parent=21738"}],"curies":[{"name":"wp","href":"https:\/\/api.w.org\/{rel}","templated":true}]}}