{"id":21569,"date":"2022-03-15T12:15:51","date_gmt":"2022-03-15T11:15:51","guid":{"rendered":"http:\/\/ariadnaausio.com\/?page_id=21569"},"modified":"2022-06-10T13:23:48","modified_gmt":"2022-06-10T12:23:48","slug":"altres-traduccions","status":"publish","type":"page","link":"https:\/\/ariadnaausio.com\/?page_id=21569","title":{"rendered":"Altres traduccions"},"content":{"rendered":"<p>[vc_row type=&#8221;grid&#8221; anchor=&#8221;sobremi&#8221; background_color=&#8221;#ffffff&#8221; padding_top=&#8221;40&#8243; padding_bottom=&#8221;40&#8243;][vc_column][vc_row_inner type=&#8221;grid&#8221; padding_top=&#8221;60&#8243;][vc_column_inner width=&#8221;2\/3&#8243;][vc_column_text]<\/p>\n<h3 class=\"p1\"><span style=\"color: #bcca46;\">TRADUCCI\u00d3 ESPECIALITZADA<\/span><\/h3>\n<p>[\/vc_column_text][vc_separator type=&#8221;transparent&#8221; up=&#8221;10&#8243; down=&#8221;0&#8243;][vc_column_text]Tradueixo i reviso textos especialitzats en els \u00e0mbits seg\u00fcents:<\/p>\n<p>&nbsp;<\/p>\n<p>&#8211; Traducci\u00f3 cientificot\u00e8cnica: biomedicina, inform\u00e0tica, telefonia m\u00f2bil, automoci\u00f3, electr\u00f2nica, medi ambient.<\/p>\n<p>&nbsp;<\/p>\n<p>&#8211; Traducci\u00f3 jur\u00eddica i econ\u00f2mica: contractes, productes financers, assegurances, documentaci\u00f3 empresarial.<\/p>\n<p>&nbsp;<\/p>\n<p>&#8211; Traducci\u00f3 institucional: textos per al Parlament Europeu, el Comit\u00e8 de les Regions i les Nacions Unides.<\/p>\n<p>&nbsp;<\/p>\n<p>Tamb\u00e9 he participat en projectes d\u2019altres \u00e0mbits, com ara turisme, gastronomia, m\u00fasica, cosm\u00e8tica, sociologia o teatre.[\/vc_column_text][vc_separator type=&#8221;transparent&#8221; up=&#8221;90&#8243; down=&#8221;0&#8243;][\/vc_column_inner][vc_column_inner width=&#8221;1\/3&#8243;][vc_separator type=&#8221;transparent&#8221; up=&#8221;25&#8243; down=&#8221;0&#8243;][vc_single_image image=&#8221;21582&#8243; img_size=&#8221;full&#8221; alignment=&#8221;right&#8221;][\/vc_column_inner][\/vc_row_inner][\/vc_column][\/vc_row]<\/p>\n","protected":false},"excerpt":{"rendered":"<p>[vc_row type=&#8221;grid&#8221; anchor=&#8221;sobremi&#8221; background_color=&#8221;#ffffff&#8221; padding_top=&#8221;40&#8243; padding_bottom=&#8221;40&#8243;][vc_column][vc_row_inner type=&#8221;grid&#8221; padding_top=&#8221;60&#8243;][vc_column_inner width=&#8221;2\/3&#8243;][vc_column_text] TRADUCCI\u00d3 ESPECIALITZADA [\/vc_column_text][vc_separator type=&#8221;transparent&#8221; up=&#8221;10&#8243; down=&#8221;0&#8243;][vc_column_text]Tradueixo i reviso textos especialitzats en els \u00e0mbits seg\u00fcents: &nbsp; &#8211; Traducci\u00f3 cientificot\u00e8cnica: biomedicina, inform\u00e0tica, telefonia m\u00f2bil, automoci\u00f3, electr\u00f2nica, medi ambient. &nbsp; &#8211; Traducci\u00f3 jur\u00eddica i econ\u00f2mica: contractes, productes financers, assegurances,&#8230;<\/p>\n","protected":false},"author":1,"featured_media":0,"parent":0,"menu_order":0,"comment_status":"closed","ping_status":"closed","template":"full_width.php","meta":[],"_links":{"self":[{"href":"https:\/\/ariadnaausio.com\/index.php?rest_route=\/wp\/v2\/pages\/21569"}],"collection":[{"href":"https:\/\/ariadnaausio.com\/index.php?rest_route=\/wp\/v2\/pages"}],"about":[{"href":"https:\/\/ariadnaausio.com\/index.php?rest_route=\/wp\/v2\/types\/page"}],"author":[{"embeddable":true,"href":"https:\/\/ariadnaausio.com\/index.php?rest_route=\/wp\/v2\/users\/1"}],"replies":[{"embeddable":true,"href":"https:\/\/ariadnaausio.com\/index.php?rest_route=%2Fwp%2Fv2%2Fcomments&post=21569"}],"version-history":[{"count":15,"href":"https:\/\/ariadnaausio.com\/index.php?rest_route=\/wp\/v2\/pages\/21569\/revisions"}],"predecessor-version":[{"id":21813,"href":"https:\/\/ariadnaausio.com\/index.php?rest_route=\/wp\/v2\/pages\/21569\/revisions\/21813"}],"wp:attachment":[{"href":"https:\/\/ariadnaausio.com\/index.php?rest_route=%2Fwp%2Fv2%2Fmedia&parent=21569"}],"curies":[{"name":"wp","href":"https:\/\/api.w.org\/{rel}","templated":true}]}}